{"id":221853,"date":"2024-08-15T22:47:24","date_gmt":"2024-08-16T03:47:24","guid":{"rendered":"https:\/\/qa.fundacionexe.org.co\/education-management-observatory\/"},"modified":"2025-02-20T14:19:11","modified_gmt":"2025-02-20T13:19:11","slug":"siipe-en","status":"publish","type":"page","link":"https:\/\/qa.fundacionexe.org.co\/en\/siipe-en\/","title":{"rendered":"SIIPE"},"content":{"rendered":"<div class=\"wpb-content-wrapper\"><p>[vc_section full_width=&#8221;stretch_row&#8221; pix_over_visibility=&#8221;&#8221; bottom_divider_select=&#8221;4&#8243; css=&#8221;.vc_custom_1721236369953{margin-top: -200px !important;border-top-width: -200px !important;padding-top: -80px !important;padding-bottom: -60px !important;background-color: rgba(93,127,175,0.05) !important;*background-color: rgb(93,127,175) !important;}&#8221;][vc_row pix_particles_check=&#8221;&#8221;][vc_column]<div id=\"img-0173a93d55a911b921513a6ed905afa9\" class=\"pix-img-element d-inline-block \" ><div class=\"pix-scale-sm \"><div class=\"pix-img-el  vc_custom_1727297000218    text-left d-inline-block   rounded-0\"  ><img loading=\"lazy\" decoding=\"async\" width=\"8663\" height=\"3200\" src=\"https:\/\/qa.fundacionexe.org.co\/wp-content\/uploads\/2024\/09\/Observatorio-AZUL-06.png\" class=\"pix-img-elem rounded-0\" alt=\"Image link\" srcset=\"https:\/\/qa.fundacionexe.org.co\/wp-content\/uploads\/2024\/09\/Observatorio-AZUL-06.png 8663w, https:\/\/qa.fundacionexe.org.co\/wp-content\/uploads\/2024\/09\/Observatorio-AZUL-06-300x111.png 300w, https:\/\/qa.fundacionexe.org.co\/wp-content\/uploads\/2024\/09\/Observatorio-AZUL-06-1024x378.png 1024w, https:\/\/qa.fundacionexe.org.co\/wp-content\/uploads\/2024\/09\/Observatorio-AZUL-06-768x284.png 768w, https:\/\/qa.fundacionexe.org.co\/wp-content\/uploads\/2024\/09\/Observatorio-AZUL-06-1536x567.png 1536w, https:\/\/qa.fundacionexe.org.co\/wp-content\/uploads\/2024\/09\/Observatorio-AZUL-06-2048x757.png 2048w\" sizes=\"auto, (max-width: 8663px) 100vw, 8663px\" \/><\/div><\/div><\/div>[\/vc_column][\/vc_row][\/vc_section][vc_row full_width=&#8221;stretch_row&#8221; pix_particles_check=&#8221;&#8221; css=&#8221;.vc_custom_1721076590406{background-position: center !important;background-repeat: no-repeat !important;background-size: contain !important;}&#8221;][vc_column][vc_column_text css_animation=&#8221;fadeIn&#8221; css=&#8221;.vc_custom_1724948373206{padding-top: 20px !important;}&#8221;]<a name=\"mapa2024\"><\/a>[\/vc_column_text][vc_column_text css_animation=&#8221;fadeIn&#8221; css=&#8221;.vc_custom_1725376758656{padding-top: 20px !important;}&#8221;]<\/p>\r\n<h3 style=\"text-align: left;\"><strong>SIIPE &#8211; Sistema de Informaci\u00f3n de Iniciativas y Programas en Educaci\u00f3n<\/strong><\/h3>\r\n<p>[\/vc_column_text][vc_text_separator title=&#8221;&#8221; align=&#8221;align_left&#8221; color=&#8221;custom&#8221; border_width=&#8221;2&#8243; el_width=&#8221;60&#8243; css=&#8221;&#8221; accent_color=&#8221;#15354e&#8221;][vc_column_text css_animation=&#8221;fadeIn&#8221; css=&#8221;&#8221;]<\/p>\r\n<h6 style=\"text-align: center;\">Con un total de <span id=\"total-iniciativas\">2434<\/span> iniciativas registradas, el mapa de iniciativas es una versi\u00f3n ampliada de las<strong> intervenciones del sector p\u00fablico y privado<\/strong>, para identificar y analizar con mayor profundidad los indicadores territoriales en las instituciones educativas donde tienen lugar.<\/h6>\r\n<p>[\/vc_column_text][\/vc_column][\/vc_row][vc_row pix_particles_check=&#8221;&#8221;][vc_column width=&#8221;2\/3&#8243;][vc_single_image image=&#8221;221097&#8243; img_size=&#8221;400&#215;500&#8243; alignment=&#8221;center&#8221; css=&#8221;.vc_custom_1721077787191{padding-top: -40px !important;padding-bottom: -40px !important;}&#8221;][vc_column_text css=&#8221;&#8221;]<iframe style=\"aspect-ratio: 3 \/ 3; max-height: 90vh;\" src=\"https:\/\/app.powerbi.com\/view?r=eyJrIjoiZGQzNjc5NjctNGQ4OS00ZDZjLTk1Y2YtY2U5ZjI2YjRlNTExIiwidCI6IjI5ZjRmZDJmLTdiZjAtNGRjNy05MzUyLTE0MDVkYWFkYmJhNyJ9&amp;pageName=486f9a50303e258e505d\" width=\"100%\" frameborder=\"0\"><\/iframe>[\/vc_column_text][\/vc_column][vc_column width=&#8221;1\/3&#8243;][vc_empty_space height=&#8221;100px&#8221;][vc_column_text css=&#8221;&#8221; el_id=&#8221;iniciativas&#8221; el_class=&#8221;estadistica&#8221;]2434[\/vc_column_text]<div class=\"pix-el-text w-100 text-center \" ><p class=\"text-24  text-primary text-center font-weight-bold\" >Initiatives<\/p><\/div>[vc_empty_space height=&#8221;50px&#8221;][vc_column_text css=&#8221;&#8221; el_id=&#8221;activas&#8221; el_class=&#8221;estadistica&#8221;]1468[\/vc_column_text]<div class=\"pix-el-text w-100 text-center \" ><p class=\"text-24  text-primary text-center font-weight-bold\" >Active<\/p><\/div>[vc_empty_space height=&#8221;50px&#8221;][vc_column_text css=&#8221;&#8221; el_id=&#8221;conEvaluacion&#8221; el_class=&#8221;estadistica&#8221;]628[\/vc_column_text]<div class=\"pix-el-text w-100 text-center \" ><p class=\"text-24  text-primary text-center font-weight-bold\" >With evaluation<\/p><\/div>[vc_empty_space height=&#8221;50px&#8221;][vc_column_text css=&#8221;&#8221; el_id=&#8221;organizaciones&#8221; el_class=&#8221;estadistica&#8221;]430[\/vc_column_text]<div class=\"pix-el-text w-100 text-center \" ><p class=\"text-24  text-primary text-center font-weight-bold\" >Organizations<\/p><\/div>[vc_empty_space height=&#8221;50px&#8221;]<a  href=\"https:\/\/qa.fundacionexe.org.co\/datos-del-sector-educativo\/\" class=\"btn mb-2      btn-primary d-inline-flex align-items-center      btn-xl\" target=\"_blank\" rel=\"noopener\"    ><svg class=\"pixfort-icon font-weight-bold   mr-2\" width=\"24\" height=\"24\"  data-name=\"Line\/pixfort-icon-bookmark-4\" viewBox=\"2 2 20 20\"><path fill=\"none\" stroke=\"var(--pf-icon-color)\" stroke-linecap=\"round\" stroke-linejoin=\"round\" stroke-width=\"var(--pf-icon-stroke-width)\" d=\"M12,21 C9,19.38 6,18.9875 3,20 L3,6 C6,4.38 9,4.9875 12,6 M18.0014259,5.05516054 C19.0009506,5.16777811 20.0004753,5.46025667 21,6 L21,20 C18,18.9875 15,19.38 12,21 M12,6 C12.6125869,4.3601317 14.6125869,3.3601317 18,3 L18,17 C14.4375312,17.4017205 12.4375312,18.7350538 12,21 L12,6 Z\"\/><\/svg><span class=\"font-weight-bold \" >Initiatives Dashboard<\/span><\/a>[\/vc_column][\/vc_row][vc_section full_width=&#8221;stretch_row&#8221; pix_over_visibility=&#8221;&#8221; css=&#8221;.vc_custom_1721076571222{background-color: #ffffff !important;}&#8221;][vc_row pix_particles_check=&#8221;&#8221;][vc_column]<div id=\"pix-el-1721078108516-4c023a49-470c\" class=\" \"><div class=\"pix_tabs_container pix-waiting\" data-icons-pos=\"\"><div class=\"nav  nav-pills pix_tabs_btns justify-content-center nav-fill pix-pills-solid mb-4 \" data-anim-type=\"\" role=\"tablist\" data-anim-delay=\"0\" id=\"v-pills-tab\"  aria-orientation=\"horizontal\"><div class=\"nav-item\"><a class=\"nav-link pix-tabs-btn text-24 pix-px-25 py-1 py-md-2 my-2 active font-weight-bold\" data-id=\"1721078108520-ec9e5ade-d862\" role=\"tab\" id=\"pix-tab-btn-1721078108520-ec9e5ade-d862\" data-toggle=\"pill\" href=\"#pix-tab-1721078108520-ec9e5ade-d862\"  aria-controls=\"pix-tab-1721078108520-ec9e5ade-d862\"><span class=\"d-inline-flex align-items-center\">Register you initiatives<\/span><\/a><\/div><div class=\"nav-item\"><a class=\"nav-link pix-tabs-btn text-24 pix-px-25 py-1 py-md-2 my-2  font-weight-bold\" data-id=\"1721078108520-5971c321-198a\" role=\"tab\" id=\"pix-tab-btn-1721078108520-5971c321-198a\" data-toggle=\"pill\" href=\"#pix-tab-1721078108520-5971c321-198a\"  aria-controls=\"pix-tab-1721078108520-5971c321-198a\"><span class=\"d-inline-flex align-items-center\">Explore all initiatives<\/span><\/a><\/div><div class=\"nav-item\"><a class=\"nav-link pix-tabs-btn text-24 pix-px-25 py-1 py-md-2 my-2  font-weight-bold\" data-id=\"1721078170834-871fad4f-9ad9\" role=\"tab\" id=\"pix-tab-btn-1721078170834-871fad4f-9ad9\" data-toggle=\"pill\" href=\"#pix-tab-1721078170834-871fad4f-9ad9\"  aria-controls=\"pix-tab-1721078170834-871fad4f-9ad9\"><span class=\"d-inline-flex align-items-center\">How do i register initiatives?<\/span><\/a><\/div><div class=\"nav-item\"><a class=\"nav-link pix-tabs-btn text-24 pix-px-25 py-1 py-md-2 my-2  font-weight-bold\" data-id=\"1721078173457-1d966fb5-ea23\" role=\"tab\" id=\"pix-tab-btn-1721078173457-1d966fb5-ea23\" data-toggle=\"pill\" href=\"#pix-tab-1721078173457-1d966fb5-ea23\"  aria-controls=\"pix-tab-1721078173457-1d966fb5-ea23\"><span class=\"d-inline-flex align-items-center\">Toolkit<\/span><\/a><\/div><\/div><div class=\"pix_tabs_content \" data-anim-type=\"\" data-anim-delay=\"0\"><div class=\"tab-content \"><div class=\"tab-pane active  show  \" role=\"tabpanel\" id=\"pix-tab-1721078108520-ec9e5ade-d862\" data-bold=\"font-weight-bold\" data-italic=\"\" data-secondary=\"\" data-id=\"1721078108520-ec9e5ade-d862\" data-icon=\"\" data-title=\"Register you initiatives\" aria-labelledby=\"pix-tab-1721078108520-ec9e5ade-d862\">[vc_column_text css=&#8221;&#8221;]<iframe style=\"aspect-ratio: 3 \/ 3; max-height: 90vh;\" src=\"\/siipe\/iniciativa-list\/\" width=\"100%\" frameborder=\"0\"><\/iframe>[\/vc_column_text]<\/div><div class=\"tab-pane   show  \" role=\"tabpanel\" id=\"pix-tab-1721078108520-5971c321-198a\" data-bold=\"font-weight-bold\" data-italic=\"\" data-secondary=\"\" data-id=\"1721078108520-5971c321-198a\" data-icon=\"\" data-title=\"Explore all initiatives\" aria-labelledby=\"pix-tab-1721078108520-5971c321-198a\">[vc_column_text css=&#8221;&#8221;]<iframe style=\"aspect-ratio: 3 \/ 3; max-height: 90vh;\" src=\"\/siipe\/\" width=\"100%\" frameborder=\"0\"><\/iframe>[\/vc_column_text]<\/div><div class=\"tab-pane   show  \" role=\"tabpanel\" id=\"pix-tab-1721078170834-871fad4f-9ad9\" data-bold=\"font-weight-bold\" data-italic=\"\" data-secondary=\"\" data-id=\"1721078170834-871fad4f-9ad9\" data-icon=\"\" data-title=\"How do i register initiatives?\" aria-labelledby=\"pix-tab-1721078170834-871fad4f-9ad9\">[vc_column_text css=&#8221;&#8221;]<iframe style=\"aspect-ratio: 3 \/ 3; max-height: 90vh;\" src=\"https:\/\/qa.fundacionexe.org.co\/wp-content\/uploads\/2024\/10\/Manual-de-Registro-Iniciativas.pdf\" width=\"100%\" frameborder=\"0\"><\/iframe>[\/vc_column_text]<\/div><div class=\"tab-pane   show  \" role=\"tabpanel\" id=\"pix-tab-1721078173457-1d966fb5-ea23\" data-bold=\"font-weight-bold\" data-italic=\"\" data-secondary=\"\" data-id=\"1721078173457-1d966fb5-ea23\" data-icon=\"\" data-title=\"Toolkit\" aria-labelledby=\"pix-tab-1721078173457-1d966fb5-ea23\">[vc_column_text css=&#8221;.vc_custom_1721078583639{padding-top: 30px !important;padding-right: 30px !important;padding-bottom: 30px !important;padding-left: 30px !important;}&#8221;]Access <strong>guided content that promotes evidence-based decision-making by organizations<\/strong>, thereby improving the design of programs and policies to positively impact the performance of indicators in the education sector.[\/vc_column_text]<a  href=\"https:\/\/cajadeherramientas.fundacionexe.org.co\/\" class=\"btn mb-2    vc_custom_1721246306183  shadow btn-link text-primary d-inline-flex align-items-center      btn-lg\" target=\"_blank\" rel=\"noopener\"    ><svg class=\"pixfort-icon font-weight-bold   mr-2\" width=\"24\" height=\"24\"  data-name=\"Line\/pixfort-icon-arrow-left-circle-1\" viewBox=\"2 2 20 20\"><path fill=\"none\" stroke=\"var(--pf-icon-color)\" stroke-linecap=\"round\" stroke-linejoin=\"round\" stroke-width=\"var(--pf-icon-stroke-width)\" d=\"M12,21 C16.9705627,21 21,16.9705627 21,12 C21,7.02943725 16.9705627,3 12,3 C7.02943725,3 3,7.02943725 3,12 C3,16.9705627 7.02943725,21 12,21 Z M8,12 L17,12 M12,17 L7,12 L12,7\"\/><\/svg><span class=\"font-weight-bold \" >Learn More<\/span><\/a><\/div><\/div><\/div><\/div><\/div>[\/vc_column][\/vc_row][\/vc_section][vc_row pix_particles_check=&#8221;&#8221;][vc_column][vc_raw_js]JTNDc2NyaXB0JTIwdHlwZSUzRCUyMnRleHQlMkZqYXZhc2NyaXB0JTIyJTNFJTBBalF1ZXJ5JTI4ZnVuY3Rpb24lMjglMjQlMjklMjAlN0IlMjAlMjAlMjAlMjAlMEElMjAlMjAlMjAlMjAlMjQuZ2V0JTI4JTIwJTIyJTJGc2lpcGUtYXBpJTJGbWFwYSUyRmVzdGFkaXN0aWNhJTIyJTJDJTIwZnVuY3Rpb24lMjhkYXRhJTI5JTIwJTdCJTBBJTIwJTIwJTIwJTIwJTIwJTIwJTIwJTIwY29uc29sZS5sb2clMjglMjdlc3RhZGlzdGljYSUyNyUyQyUyMGRhdGElMjklM0IlMEElMjAlMjAlMjAlMjAlMjAlMjAlMjAlMjAlMjQlMjglMjclMjN0b3RhbC1pbmljaWF0aXZhcyUyNyUyOS50ZXh0JTI4ZGF0YS5pbmljaWF0aXZhcyUyOSUzQiUwQSUyMCUyMCUyMCUyMCUyMCUyMCUyMCUyMCUyNCUyOCUyNyUyM2luaWNpYXRpdmFzJTIwcCUyNyUyOS50ZXh0JTI4ZGF0YS5pbmljaWF0aXZhcyUyOSUzQiUwQSUyMCUyMCUyMCUyMCUyMCUyMCUyMCUyMCUyNCUyOCUyNyUyM2FjdGl2YXMlMjBwJTI3JTI5LnRleHQlMjhkYXRhLmFjdGl2YXMlMjklM0IlMEElMjAlMjAlMjAlMjAlMjAlMjAlMjAlMjAlMjQlMjglMjclMjNjb25FdmFsdWFjaW9uJTIwcCUyNyUyOS50ZXh0JTI4ZGF0YS5jb25FdmFsdWFjaW9uJTI5JTNCJTBBJTIwJTIwJTIwJTIwJTIwJTIwJTIwJTIwJTI0JTI4JTI3JTIzb3JnYW5pemFjaW9uZXMlMjBwJTI3JTI5LnRleHQlMjhkYXRhLm9yZ2FuaXphY2lvbmVzJTI5JTNCJTBBJTIwJTIwJTIwJTIwJTdEJTI5JTNCJTBBJTdEJTI5JTNCJTBBJTNDJTJGc2NyaXB0JTNFJTBB[\/vc_raw_js][\/vc_column][\/vc_row]<\/p>\r\n<\/div>","protected":false},"excerpt":{"rendered":"[vc_section full_width=&#8221;stretch_row&#8221; pix_over_visibility=&#8221;&#8221; bottom_divider_select=&#8221;4&#8243; css=&#8221;.vc_custom_1721236369953{margin-top: -200px !important;border-top-width: -200px !important;padding-top: -80px !important;padding-bottom: -60px !important;background-color: rgba(93,127,175,0.05) !important;*background-color: rgb(93,127,175) !important;}&#8221;][vc_row pix_particles_check=&#8221;&#8221;][vc_column][\/vc_column][\/vc_row][\/vc_section][vc_row full_width=&#8221;stretch_row&#8221; pix_particles_check=&#8221;&#8221; css=&#8221;.vc_custom_1721076590406{background-position: center !important;background-repeat: no-repeat !important;background-size: contain !important;}&#8221;][vc_column][vc_column_text css_animation=&#8221;fadeIn&#8221; css=&#8221;.vc_custom_1724948373206{padding-top: 20px !important;}&#8221;][\/vc_column_text][vc_column_text css_animation=&#8221;fadeIn&#8221; css=&#8221;.vc_custom_1725376758656{padding-top: 20px !important;}&#8221;] SIIPE &#8211; Sistema de Informaci\u00f3n&#8230;","protected":false},"author":1,"featured_media":0,"parent":0,"menu_order":0,"comment_status":"closed","ping_status":"closed","template":"","meta":{"footnotes":""},"class_list":["post-221853","page","type-page","status-publish","hentry"],"yoast_head":"<!-- This site is optimized with the Yoast SEO plugin v26.1.1 - https:\/\/yoast.com\/wordpress\/plugins\/seo\/ -->\n<title>SIIPE - Fundaci\u00f3n Empresarios por la Educaci\u00f3n FExE<\/title>\n<meta name=\"robots\" content=\"index, follow, max-snippet:-1, max-image-preview:large, max-video-preview:-1\" \/>\n<link rel=\"canonical\" href=\"https:\/\/qa.fundacionexe.org.co\/en\/siipe-en\/\" \/>\n<meta property=\"og:locale\" content=\"en_US\" \/>\n<meta property=\"og:type\" content=\"article\" \/>\n<meta property=\"og:title\" content=\"SIIPE - Fundaci\u00f3n Empresarios por la Educaci\u00f3n FExE\" \/>\n<meta property=\"og:description\" content=\"[vc_section full_width=&#8221;stretch_row&#8221; pix_over_visibility=&#8221;&#8221; bottom_divider_select=&#8221;4&#8243; css=&#8221;.vc_custom_1721236369953{margin-top: -200px !important;border-top-width: -200px !important;padding-top: -80px !important;padding-bottom: -60px !important;background-color: rgba(93,127,175,0.05) !important;*background-color: rgb(93,127,175) !important;}&#8221;][vc_row pix_particles_check=&#8221;&#8221;][vc_column][\/vc_column][\/vc_row][\/vc_section][vc_row full_width=&#8221;stretch_row&#8221; pix_particles_check=&#8221;&#8221; css=&#8221;.vc_custom_1721076590406{background-position: center !important;background-repeat: no-repeat !important;background-size: contain !important;}&#8221;][vc_column][vc_column_text css_animation=&#8221;fadeIn&#8221; css=&#8221;.vc_custom_1724948373206{padding-top: 20px !important;}&#8221;][\/vc_column_text][vc_column_text css_animation=&#8221;fadeIn&#8221; css=&#8221;.vc_custom_1725376758656{padding-top: 20px !important;}&#8221;] SIIPE &#8211; Sistema de Informaci\u00f3n...\" \/>\n<meta property=\"og:url\" content=\"https:\/\/qa.fundacionexe.org.co\/en\/siipe-en\/\" \/>\n<meta property=\"og:site_name\" content=\"Fundaci\u00f3n Empresarios por la Educaci\u00f3n FExE\" \/>\n<meta property=\"article:modified_time\" content=\"2025-02-20T13:19:11+00:00\" \/>\n<meta name=\"twitter:card\" content=\"summary_large_image\" \/>\n<meta name=\"twitter:label1\" content=\"Est. reading time\" \/>\n\t<meta name=\"twitter:data1\" content=\"4 minutes\" \/>\n<script type=\"application\/ld+json\" class=\"yoast-schema-graph\">{\"@context\":\"https:\/\/schema.org\",\"@graph\":[{\"@type\":\"WebPage\",\"@id\":\"https:\/\/qa.fundacionexe.org.co\/en\/siipe-en\/\",\"url\":\"https:\/\/qa.fundacionexe.org.co\/en\/siipe-en\/\",\"name\":\"SIIPE - Fundaci\u00f3n Empresarios por la Educaci\u00f3n FExE\",\"isPartOf\":{\"@id\":\"https:\/\/qa.fundacionexe.org.co\/en\/#website\"},\"datePublished\":\"2024-08-16T03:47:24+00:00\",\"dateModified\":\"2025-02-20T13:19:11+00:00\",\"breadcrumb\":{\"@id\":\"https:\/\/qa.fundacionexe.org.co\/en\/siipe-en\/#breadcrumb\"},\"inLanguage\":\"en-US\",\"potentialAction\":[{\"@type\":\"ReadAction\",\"target\":[\"https:\/\/qa.fundacionexe.org.co\/en\/siipe-en\/\"]}]},{\"@type\":\"BreadcrumbList\",\"@id\":\"https:\/\/qa.fundacionexe.org.co\/en\/siipe-en\/#breadcrumb\",\"itemListElement\":[{\"@type\":\"ListItem\",\"position\":1,\"name\":\"Portada\",\"item\":\"https:\/\/qa.fundacionexe.org.co\/en\/\"},{\"@type\":\"ListItem\",\"position\":2,\"name\":\"SIIPE\"}]},{\"@type\":\"WebSite\",\"@id\":\"https:\/\/qa.fundacionexe.org.co\/en\/#website\",\"url\":\"https:\/\/qa.fundacionexe.org.co\/en\/\",\"name\":\"Fundaci\u00f3n Empresarios por la Educaci\u00f3n FExE\",\"description\":\"Red de conocimiento independiente. Sumamos con informaci\u00f3n y evidencia para que Colombia d\u00e9 un salto en educaci\u00f3n de calidad.\",\"potentialAction\":[{\"@type\":\"SearchAction\",\"target\":{\"@type\":\"EntryPoint\",\"urlTemplate\":\"https:\/\/qa.fundacionexe.org.co\/en\/?s={search_term_string}\"},\"query-input\":{\"@type\":\"PropertyValueSpecification\",\"valueRequired\":true,\"valueName\":\"search_term_string\"}}],\"inLanguage\":\"en-US\"}]}<\/script>\n<!-- \/ Yoast SEO plugin. -->","yoast_head_json":{"title":"SIIPE - Fundaci\u00f3n Empresarios por la Educaci\u00f3n FExE","robots":{"index":"index","follow":"follow","max-snippet":"max-snippet:-1","max-image-preview":"max-image-preview:large","max-video-preview":"max-video-preview:-1"},"canonical":"https:\/\/qa.fundacionexe.org.co\/en\/siipe-en\/","og_locale":"en_US","og_type":"article","og_title":"SIIPE - Fundaci\u00f3n Empresarios por la Educaci\u00f3n FExE","og_description":"[vc_section full_width=&#8221;stretch_row&#8221; pix_over_visibility=&#8221;&#8221; bottom_divider_select=&#8221;4&#8243; css=&#8221;.vc_custom_1721236369953{margin-top: -200px !important;border-top-width: -200px !important;padding-top: -80px !important;padding-bottom: -60px !important;background-color: rgba(93,127,175,0.05) !important;*background-color: rgb(93,127,175) !important;}&#8221;][vc_row pix_particles_check=&#8221;&#8221;][vc_column][\/vc_column][\/vc_row][\/vc_section][vc_row full_width=&#8221;stretch_row&#8221; pix_particles_check=&#8221;&#8221; css=&#8221;.vc_custom_1721076590406{background-position: center !important;background-repeat: no-repeat !important;background-size: contain !important;}&#8221;][vc_column][vc_column_text css_animation=&#8221;fadeIn&#8221; css=&#8221;.vc_custom_1724948373206{padding-top: 20px !important;}&#8221;][\/vc_column_text][vc_column_text css_animation=&#8221;fadeIn&#8221; css=&#8221;.vc_custom_1725376758656{padding-top: 20px !important;}&#8221;] SIIPE &#8211; Sistema de Informaci\u00f3n...","og_url":"https:\/\/qa.fundacionexe.org.co\/en\/siipe-en\/","og_site_name":"Fundaci\u00f3n Empresarios por la Educaci\u00f3n FExE","article_modified_time":"2025-02-20T13:19:11+00:00","twitter_card":"summary_large_image","twitter_misc":{"Est. reading time":"4 minutes"},"schema":{"@context":"https:\/\/schema.org","@graph":[{"@type":"WebPage","@id":"https:\/\/qa.fundacionexe.org.co\/en\/siipe-en\/","url":"https:\/\/qa.fundacionexe.org.co\/en\/siipe-en\/","name":"SIIPE - Fundaci\u00f3n Empresarios por la Educaci\u00f3n FExE","isPartOf":{"@id":"https:\/\/qa.fundacionexe.org.co\/en\/#website"},"datePublished":"2024-08-16T03:47:24+00:00","dateModified":"2025-02-20T13:19:11+00:00","breadcrumb":{"@id":"https:\/\/qa.fundacionexe.org.co\/en\/siipe-en\/#breadcrumb"},"inLanguage":"en-US","potentialAction":[{"@type":"ReadAction","target":["https:\/\/qa.fundacionexe.org.co\/en\/siipe-en\/"]}]},{"@type":"BreadcrumbList","@id":"https:\/\/qa.fundacionexe.org.co\/en\/siipe-en\/#breadcrumb","itemListElement":[{"@type":"ListItem","position":1,"name":"Portada","item":"https:\/\/qa.fundacionexe.org.co\/en\/"},{"@type":"ListItem","position":2,"name":"SIIPE"}]},{"@type":"WebSite","@id":"https:\/\/qa.fundacionexe.org.co\/en\/#website","url":"https:\/\/qa.fundacionexe.org.co\/en\/","name":"Fundaci\u00f3n Empresarios por la Educaci\u00f3n FExE","description":"Red de conocimiento independiente. Sumamos con informaci\u00f3n y evidencia para que Colombia d\u00e9 un salto en educaci\u00f3n de calidad.","potentialAction":[{"@type":"SearchAction","target":{"@type":"EntryPoint","urlTemplate":"https:\/\/qa.fundacionexe.org.co\/en\/?s={search_term_string}"},"query-input":{"@type":"PropertyValueSpecification","valueRequired":true,"valueName":"search_term_string"}}],"inLanguage":"en-US"}]}},"_links":{"self":[{"href":"https:\/\/qa.fundacionexe.org.co\/en\/wp-json\/wp\/v2\/pages\/221853","targetHints":{"allow":["GET"]}}],"collection":[{"href":"https:\/\/qa.fundacionexe.org.co\/en\/wp-json\/wp\/v2\/pages"}],"about":[{"href":"https:\/\/qa.fundacionexe.org.co\/en\/wp-json\/wp\/v2\/types\/page"}],"author":[{"embeddable":true,"href":"https:\/\/qa.fundacionexe.org.co\/en\/wp-json\/wp\/v2\/users\/1"}],"replies":[{"embeddable":true,"href":"https:\/\/qa.fundacionexe.org.co\/en\/wp-json\/wp\/v2\/comments?post=221853"}],"version-history":[{"count":4,"href":"https:\/\/qa.fundacionexe.org.co\/en\/wp-json\/wp\/v2\/pages\/221853\/revisions"}],"predecessor-version":[{"id":224277,"href":"https:\/\/qa.fundacionexe.org.co\/en\/wp-json\/wp\/v2\/pages\/221853\/revisions\/224277"}],"wp:attachment":[{"href":"https:\/\/qa.fundacionexe.org.co\/en\/wp-json\/wp\/v2\/media?parent=221853"}],"curies":[{"name":"wp","href":"https:\/\/api.w.org\/{rel}","templated":true}]}}