{"id":221855,"date":"2024-08-28T02:56:44","date_gmt":"2024-08-28T07:56:44","guid":{"rendered":"https:\/\/qa.fundacionexe.org.co\/education-management-observatory-2\/"},"modified":"2025-01-27T20:49:37","modified_gmt":"2025-01-27T19:49:37","slug":"education-management-observatory-2","status":"publish","type":"page","link":"https:\/\/qa.fundacionexe.org.co\/en\/education-management-observatory-2\/","title":{"rendered":"Observatory 2024"},"content":{"rendered":"<div class=\"wpb-content-wrapper\"><p>[vc_section full_width=&#8221;stretch_row&#8221; pix_over_visibility=&#8221;&#8221; css=&#8221;.vc_custom_1721061896208{margin-top: -100px !important;padding-bottom: 80px !important;background-color: rgba(93,127,175,0.05) !important;*background-color: rgb(93,127,175) !important;}&#8221;][vc_row pix_particles_check=&#8221;&#8221;][vc_column width=&#8221;1\/2&#8243;]<div id=\"el1721057951471-ac8d3dee-c247\" class=\"mb-3 text-center  vc_custom_1721058909036\"><p class=\"mb-32 pix-sliding-headline-2 animate-in font-weight-bold secondary-font display-4 \" data-anim-type=\"pix-sliding-text\" pix-anim-delay=\"500\" data-class=\"secondary-font text-body-default\" style=\"\"><span class=\"slide-in-container \"><span class=\"pix-sliding-item secondary-font text-body-default\" style=\"transition-delay: 0ms;\">Education&#32;<\/span><\/span> <span class=\"slide-in-container \"><span class=\"pix-sliding-item secondary-font text-body-default\" style=\"transition-delay: 150ms;\">Management&#32;<\/span><\/span> <span class=\"slide-in-container \"><span class=\"pix-sliding-item secondary-font text-body-default\" style=\"transition-delay: 300ms;\">Observatory&#32;<\/span><\/span> <\/p><\/div>[vc_column_text css_animation=&#8221;fadeIn&#8221; css=&#8221;.vc_custom_1721058418433{padding-top: 20px !important;}&#8221;]<\/p>\n<h6 style=\"text-align: center;\">Fundaci\u00f3n Empresarios por la Educaci\u00f3n\u2019s <strong>open data initiative in education<\/strong> focused on the management of the public and private education sector to support decision-making, the efficient use of resources, and the adoption of good practices.<\/h6>\n<p>[\/vc_column_text][\/vc_column][vc_column width=&#8221;1\/2&#8243; css=&#8221;.vc_custom_1721058133761{padding-bottom: 20px !important;}&#8221;]<div id=\"img-d06803eedf2d1b304816e83d457f5244\" class=\"pix-img-element d-inline-block \" ><div class=\"pix-bounce-sm pix-duration-slow\"><div class=\"animate-in d-inline-block\" data-anim-type=\"fade-in-up-big\" data-anim-delay=\"0\"><div class=\"pix-img-el     text-center d-inline-block   rounded-0\"  ><\/div><\/div><\/div><\/div><div id=\"img-180f19b2c2440cb963f81c1e9be80430\" class=\"pix-img-element d-inline-block \" ><div class=\"pix-bounce-sm pix-duration-slow\"><div class=\"animate-in d-inline-block\" data-anim-type=\"fade-in-up-big\" data-anim-delay=\"0\"><div class=\"pix-img-el     text-center d-inline-block   rounded-0\"  ><img loading=\"lazy\" decoding=\"async\" width=\"1600\" height=\"900\" src=\"https:\/\/qa.fundacionexe.org.co\/wp-content\/uploads\/2024\/09\/Observatorio-y-siipe_Mesa-de-trabajo-1-1.png\" class=\"pix-img-elem rounded-0\" alt=\"Image link\" srcset=\"https:\/\/qa.fundacionexe.org.co\/wp-content\/uploads\/2024\/09\/Observatorio-y-siipe_Mesa-de-trabajo-1-1.png 1600w, https:\/\/qa.fundacionexe.org.co\/wp-content\/uploads\/2024\/09\/Observatorio-y-siipe_Mesa-de-trabajo-1-1-300x169.png 300w, https:\/\/qa.fundacionexe.org.co\/wp-content\/uploads\/2024\/09\/Observatorio-y-siipe_Mesa-de-trabajo-1-1-1024x576.png 1024w, https:\/\/qa.fundacionexe.org.co\/wp-content\/uploads\/2024\/09\/Observatorio-y-siipe_Mesa-de-trabajo-1-1-768x432.png 768w, https:\/\/qa.fundacionexe.org.co\/wp-content\/uploads\/2024\/09\/Observatorio-y-siipe_Mesa-de-trabajo-1-1-1536x864.png 1536w\" sizes=\"auto, (max-width: 1600px) 100vw, 1600px\" \/><\/div><\/div><\/div><\/div>[\/vc_column][\/vc_row][\/vc_section][vc_section full_width=&#8221;stretch_row&#8221; pix_over_visibility=&#8221;&#8221; css=&#8221;.vc_custom_1710169608413{margin-top: -50px !important;background-color: #ffffff !important;}&#8221;][vc_row full_width=&#8221;stretch_row&#8221; pix_particles_check=&#8221;&#8221; css=&#8221;.vc_custom_1710188789144{margin-top: -40px !important;background-position: center !important;background-repeat: no-repeat !important;background-size: contain !important;}&#8221;][vc_column][vc_row_inner][vc_column_inner]<div class=\"text-center  vc_custom_1721061077993\"><div><h3 class=\"pix-headline my-3  slide-inverse text-heading-default font-weight-bold  \" style=\"\"><span>Addressed to <\/span><span class=\"pix-words-wrapper is-last\"><span class=\"is-visible text-yellow\" >Sector Privado<\/span> <span class=\"text-purple\" >Gobierno Nacional<\/span> <span class=\"text-cyan\" >Congreso de la Republica<\/span> <span class=\"text-orange\" >Secretar\u00edas de Educaci\u00f3n<\/span> <span class=\"text-green\" >Academia<\/span> <span class=\"text-blue\" >Ciudadan\u00eda<\/span> <\/span><\/h3><\/div><\/div>[\/vc_column_inner][\/vc_row_inner][\/vc_column][\/vc_row][vc_row full_width=&#8221;stretch_row&#8221; pix_particles_check=&#8221;&#8221; css=&#8221;.vc_custom_1710188789144{margin-top: -40px !important;background-position: center !important;background-repeat: no-repeat !important;background-size: contain !important;}&#8221;][vc_column][vc_text_separator title=&#8221;&#8221; align=&#8221;align_left&#8221; color=&#8221;custom&#8221; border_width=&#8221;2&#8243; el_width=&#8221;60&#8243; css=&#8221;&#8221; accent_color=&#8221;#15354e&#8221;]<div id=\"el1721059661716-727e6aee-2598\" class=\"pix-el-text   w-100  \" ><p class=\"\"><h6>The Education Management Observatory <strong>collects, monitors, generates, and disseminates education sector-related information<\/strong> to support decision-making, advance knowledge about the sector, and promote continuous improvement. The contents are organized into <strong>four objects of study:<\/strong><\/h6>\n<\/p><\/div>[vc_separator color=&#8221;custom&#8221; css=&#8221;&#8221; accent_color=&#8221;#ffffff&#8221;][\/vc_column][\/vc_row][\/vc_section][vc_row pix_particles_check=&#8221;&#8221;][vc_column width=&#8221;1\/2&#8243;][vc_btn title=&#8221;Sector Data and Figures&#8221; style=&#8221;outline-custom&#8221; outline_custom_color=&#8221;#14354e&#8221; outline_custom_hover_background=&#8221;#14354e&#8221; outline_custom_hover_text=&#8221;#ffffff&#8221; size=&#8221;lg&#8221; align=&#8221;center&#8221; i_icon_fontawesome=&#8221;fas fa-server&#8221; css_animation=&#8221;fadeIn&#8221; css=&#8221;.vc_custom_1727291461602{background-color: #ffffff !important;}&#8221; button_block=&#8221;true&#8221; add_icon=&#8221;true&#8221; link=&#8221;url:https%3A%2F%2Fqa.fundacionexe.org.co%2Fen%2Ffacts-and-figures%2F|&#8221;][vc_separator color=&#8221;custom&#8221; css=&#8221;&#8221; accent_color=&#8221;#ffffff&#8221;][\/vc_column][vc_column width=&#8221;1\/2&#8243;][vc_btn title=&#8221;Regulations and Development Plans&#8221; style=&#8221;outline-custom&#8221; outline_custom_color=&#8221;#14354e&#8221; outline_custom_hover_background=&#8221;#14354e&#8221; outline_custom_hover_text=&#8221;#ffffff&#8221; size=&#8221;lg&#8221; align=&#8221;center&#8221; i_icon_fontawesome=&#8221;fas fa-bookmark&#8221; css_animation=&#8221;fadeIn&#8221; css=&#8221;.vc_custom_1727291478344{background-color: #ffffff !important;}&#8221; button_block=&#8221;true&#8221; add_icon=&#8221;true&#8221; link=&#8221;url:https%3A%2F%2Fqa.fundacionexe.org.co%2Fen%2Flearn-from-the-colombian-education-system%2F|&#8221;][vc_separator color=&#8221;custom&#8221; css=&#8221;&#8221; accent_color=&#8221;#ffffff&#8221;][\/vc_column][\/vc_row][vc_row pix_particles_check=&#8221;&#8221;][vc_column width=&#8221;1\/2&#8243;][vc_btn title=&#8221;SIIPE&#8221; style=&#8221;outline-custom&#8221; outline_custom_color=&#8221;#14354e&#8221; outline_custom_hover_background=&#8221;#14354e&#8221; outline_custom_hover_text=&#8221;#ffffff&#8221; size=&#8221;lg&#8221; align=&#8221;center&#8221; i_icon_fontawesome=&#8221;fas fa-map-marker-alt&#8221; css_animation=&#8221;fadeIn&#8221; css=&#8221;.vc_custom_1738007298863{background-color: #ffffff !important;}&#8221; button_block=&#8221;true&#8221; add_icon=&#8221;true&#8221; link=&#8221;url:https%3A%2F%2Fqa.fundacionexe.org.co%2Fen%2Fsiipe-en%2F&#8221;][\/vc_column][vc_column width=&#8221;1\/2&#8243;][vc_btn title=&#8221;Perception (Opinion Surveys)&#8221; style=&#8221;outline-custom&#8221; outline_custom_color=&#8221;#14354e&#8221; outline_custom_hover_background=&#8221;#14354e&#8221; outline_custom_hover_text=&#8221;#ffffff&#8221; size=&#8221;lg&#8221; align=&#8221;center&#8221; i_icon_fontawesome=&#8221;fas fa-table&#8221; css_animation=&#8221;fadeIn&#8221; css=&#8221;.vc_custom_1727293455237{background-color: #ffffff !important;}&#8221; button_block=&#8221;true&#8221; add_icon=&#8221;true&#8221; link=&#8221;url:https%3A%2F%2Fqa.fundacionexe.org.co%2Fen%2Fwhat-we-do-mobilize%2Feducation-opinion-survey%2F|&#8221;][\/vc_column][\/vc_row][vc_row pix_particles_check=&#8221;&#8221;][vc_column][vc_video link=&#8221;https:\/\/www.youtube.com\/watch?v=M8SUPSYz8lA&#038;t=3s&#8221; el_width=&#8221;70&#8243; align=&#8221;center&#8221; css=&#8221;&#8221;][\/vc_column][\/vc_row][vc_row pix_particles_check=&#8221;&#8221;][vc_column]<div class=\"d-block w-100 text-center\"><a  href=\"https:\/\/qa.fundacionexe.org.co\/preguntas-frecuentes\/\" class=\"btn mb-2      btn-blink-primary d-flex w-100  justify-content-center  align-items-center pix-hover-item      btn-rounded animate-in pix-btn-div btn-xl\" target=\"_blank\" rel=\"noopener\"  data-anim-type=\"fade-in-left\" data-anim-delay=\"0\" ><svg class=\"pixfort-icon font-weight-bold  pix-hover-left  mr-2\" width=\"24\" height=\"24\"  data-name=\"Line\/pixfort-icon-question-mark-circle-1\" viewBox=\"2 2 20 20\"><path fill=\"none\" stroke=\"var(--pf-icon-color)\" stroke-linecap=\"round\" stroke-linejoin=\"round\" stroke-width=\"var(--pf-icon-stroke-width)\" d=\"M12,21 C16.9705627,21 21,16.9705627 21,12 C21,7.02943725 16.9705627,3 12,3 C7.02943725,3 3,7.02943725 3,12 C3,16.9705627 7.02943725,21 12,21 Z M9.23442906,8.34588052 C9.65172439,7.21754298 10.5,6.5 12,6.5 C13.5,6.5 15,7.46516767 15,9.14061234 C15,10.816057 13.4422563,11.0517653 12.4150842,12.5 C12,13.1452509 12,13.8888093 12,14.5 M12,17.5 L12,17.45\"\/><\/svg><span class=\"font-weight-bold \" >Frequently asked questions<\/span><\/a><\/div>[\/vc_column][\/vc_row]<\/p>\n<\/div>","protected":false},"excerpt":{"rendered":"[vc_section full_width=&#8221;stretch_row&#8221; pix_over_visibility=&#8221;&#8221; css=&#8221;.vc_custom_1721061896208{margin-top: -100px !important;padding-bottom: 80px !important;background-color: rgba(93,127,175,0.05) !important;*background-color: rgb(93,127,175) !important;}&#8221;][vc_row pix_particles_check=&#8221;&#8221;][vc_column width=&#8221;1\/2&#8243;][vc_column_text css_animation=&#8221;fadeIn&#8221; css=&#8221;.vc_custom_1721058418433{padding-top: 20px !important;}&#8221;] Fundaci\u00f3n Empresarios por la Educaci\u00f3n\u2019s open data initiative in education focused on the management of the public and private education sector to&#8230;","protected":false},"author":1,"featured_media":0,"parent":0,"menu_order":0,"comment_status":"closed","ping_status":"closed","template":"","meta":{"footnotes":""},"class_list":["post-221855","page","type-page","status-publish","hentry"],"yoast_head":"<!-- This site is optimized with the Yoast SEO plugin v26.1.1 - https:\/\/yoast.com\/wordpress\/plugins\/seo\/ -->\n<title>Observatory 2024 - Fundaci\u00f3n Empresarios por la Educaci\u00f3n FExE<\/title>\n<meta name=\"robots\" content=\"index, follow, max-snippet:-1, max-image-preview:large, max-video-preview:-1\" \/>\n<link rel=\"canonical\" href=\"https:\/\/qa.fundacionexe.org.co\/en\/education-management-observatory-2\/\" \/>\n<meta property=\"og:locale\" content=\"en_US\" \/>\n<meta property=\"og:type\" content=\"article\" \/>\n<meta property=\"og:title\" content=\"Observatory 2024 - Fundaci\u00f3n Empresarios por la Educaci\u00f3n FExE\" \/>\n<meta property=\"og:description\" content=\"[vc_section full_width=&#8221;stretch_row&#8221; pix_over_visibility=&#8221;&#8221; css=&#8221;.vc_custom_1721061896208{margin-top: -100px !important;padding-bottom: 80px !important;background-color: rgba(93,127,175,0.05) !important;*background-color: rgb(93,127,175) !important;}&#8221;][vc_row pix_particles_check=&#8221;&#8221;][vc_column width=&#8221;1\/2&#8243;][vc_column_text css_animation=&#8221;fadeIn&#8221; css=&#8221;.vc_custom_1721058418433{padding-top: 20px !important;}&#8221;] Fundaci\u00f3n Empresarios por la Educaci\u00f3n\u2019s open data initiative in education focused on the management of the public and private education sector to...\" \/>\n<meta property=\"og:url\" content=\"https:\/\/qa.fundacionexe.org.co\/en\/education-management-observatory-2\/\" \/>\n<meta property=\"og:site_name\" content=\"Fundaci\u00f3n Empresarios por la Educaci\u00f3n FExE\" \/>\n<meta property=\"article:modified_time\" content=\"2025-01-27T19:49:37+00:00\" \/>\n<meta name=\"twitter:card\" content=\"summary_large_image\" \/>\n<meta name=\"twitter:label1\" content=\"Est. reading time\" \/>\n\t<meta name=\"twitter:data1\" content=\"4 minutes\" \/>\n<script type=\"application\/ld+json\" class=\"yoast-schema-graph\">{\"@context\":\"https:\/\/schema.org\",\"@graph\":[{\"@type\":\"WebPage\",\"@id\":\"https:\/\/qa.fundacionexe.org.co\/en\/education-management-observatory-2\/\",\"url\":\"https:\/\/qa.fundacionexe.org.co\/en\/education-management-observatory-2\/\",\"name\":\"Observatory 2024 - Fundaci\u00f3n Empresarios por la Educaci\u00f3n FExE\",\"isPartOf\":{\"@id\":\"https:\/\/qa.fundacionexe.org.co\/en\/#website\"},\"datePublished\":\"2024-08-28T07:56:44+00:00\",\"dateModified\":\"2025-01-27T19:49:37+00:00\",\"breadcrumb\":{\"@id\":\"https:\/\/qa.fundacionexe.org.co\/en\/education-management-observatory-2\/#breadcrumb\"},\"inLanguage\":\"en-US\",\"potentialAction\":[{\"@type\":\"ReadAction\",\"target\":[\"https:\/\/qa.fundacionexe.org.co\/en\/education-management-observatory-2\/\"]}]},{\"@type\":\"BreadcrumbList\",\"@id\":\"https:\/\/qa.fundacionexe.org.co\/en\/education-management-observatory-2\/#breadcrumb\",\"itemListElement\":[{\"@type\":\"ListItem\",\"position\":1,\"name\":\"Portada\",\"item\":\"https:\/\/qa.fundacionexe.org.co\/en\/\"},{\"@type\":\"ListItem\",\"position\":2,\"name\":\"Observatory 2024\"}]},{\"@type\":\"WebSite\",\"@id\":\"https:\/\/qa.fundacionexe.org.co\/en\/#website\",\"url\":\"https:\/\/qa.fundacionexe.org.co\/en\/\",\"name\":\"Fundaci\u00f3n Empresarios por la Educaci\u00f3n FExE\",\"description\":\"Red de conocimiento independiente. Sumamos con informaci\u00f3n y evidencia para que Colombia d\u00e9 un salto en educaci\u00f3n de calidad.\",\"potentialAction\":[{\"@type\":\"SearchAction\",\"target\":{\"@type\":\"EntryPoint\",\"urlTemplate\":\"https:\/\/qa.fundacionexe.org.co\/en\/?s={search_term_string}\"},\"query-input\":{\"@type\":\"PropertyValueSpecification\",\"valueRequired\":true,\"valueName\":\"search_term_string\"}}],\"inLanguage\":\"en-US\"}]}<\/script>\n<!-- \/ Yoast SEO plugin. -->","yoast_head_json":{"title":"Observatory 2024 - Fundaci\u00f3n Empresarios por la Educaci\u00f3n FExE","robots":{"index":"index","follow":"follow","max-snippet":"max-snippet:-1","max-image-preview":"max-image-preview:large","max-video-preview":"max-video-preview:-1"},"canonical":"https:\/\/qa.fundacionexe.org.co\/en\/education-management-observatory-2\/","og_locale":"en_US","og_type":"article","og_title":"Observatory 2024 - Fundaci\u00f3n Empresarios por la Educaci\u00f3n FExE","og_description":"[vc_section full_width=&#8221;stretch_row&#8221; pix_over_visibility=&#8221;&#8221; css=&#8221;.vc_custom_1721061896208{margin-top: -100px !important;padding-bottom: 80px !important;background-color: rgba(93,127,175,0.05) !important;*background-color: rgb(93,127,175) !important;}&#8221;][vc_row pix_particles_check=&#8221;&#8221;][vc_column width=&#8221;1\/2&#8243;][vc_column_text css_animation=&#8221;fadeIn&#8221; css=&#8221;.vc_custom_1721058418433{padding-top: 20px !important;}&#8221;] Fundaci\u00f3n Empresarios por la Educaci\u00f3n\u2019s open data initiative in education focused on the management of the public and private education sector to...","og_url":"https:\/\/qa.fundacionexe.org.co\/en\/education-management-observatory-2\/","og_site_name":"Fundaci\u00f3n Empresarios por la Educaci\u00f3n FExE","article_modified_time":"2025-01-27T19:49:37+00:00","twitter_card":"summary_large_image","twitter_misc":{"Est. reading time":"4 minutes"},"schema":{"@context":"https:\/\/schema.org","@graph":[{"@type":"WebPage","@id":"https:\/\/qa.fundacionexe.org.co\/en\/education-management-observatory-2\/","url":"https:\/\/qa.fundacionexe.org.co\/en\/education-management-observatory-2\/","name":"Observatory 2024 - Fundaci\u00f3n Empresarios por la Educaci\u00f3n FExE","isPartOf":{"@id":"https:\/\/qa.fundacionexe.org.co\/en\/#website"},"datePublished":"2024-08-28T07:56:44+00:00","dateModified":"2025-01-27T19:49:37+00:00","breadcrumb":{"@id":"https:\/\/qa.fundacionexe.org.co\/en\/education-management-observatory-2\/#breadcrumb"},"inLanguage":"en-US","potentialAction":[{"@type":"ReadAction","target":["https:\/\/qa.fundacionexe.org.co\/en\/education-management-observatory-2\/"]}]},{"@type":"BreadcrumbList","@id":"https:\/\/qa.fundacionexe.org.co\/en\/education-management-observatory-2\/#breadcrumb","itemListElement":[{"@type":"ListItem","position":1,"name":"Portada","item":"https:\/\/qa.fundacionexe.org.co\/en\/"},{"@type":"ListItem","position":2,"name":"Observatory 2024"}]},{"@type":"WebSite","@id":"https:\/\/qa.fundacionexe.org.co\/en\/#website","url":"https:\/\/qa.fundacionexe.org.co\/en\/","name":"Fundaci\u00f3n Empresarios por la Educaci\u00f3n FExE","description":"Red de conocimiento independiente. Sumamos con informaci\u00f3n y evidencia para que Colombia d\u00e9 un salto en educaci\u00f3n de calidad.","potentialAction":[{"@type":"SearchAction","target":{"@type":"EntryPoint","urlTemplate":"https:\/\/qa.fundacionexe.org.co\/en\/?s={search_term_string}"},"query-input":{"@type":"PropertyValueSpecification","valueRequired":true,"valueName":"search_term_string"}}],"inLanguage":"en-US"}]}},"_links":{"self":[{"href":"https:\/\/qa.fundacionexe.org.co\/en\/wp-json\/wp\/v2\/pages\/221855","targetHints":{"allow":["GET"]}}],"collection":[{"href":"https:\/\/qa.fundacionexe.org.co\/en\/wp-json\/wp\/v2\/pages"}],"about":[{"href":"https:\/\/qa.fundacionexe.org.co\/en\/wp-json\/wp\/v2\/types\/page"}],"author":[{"embeddable":true,"href":"https:\/\/qa.fundacionexe.org.co\/en\/wp-json\/wp\/v2\/users\/1"}],"replies":[{"embeddable":true,"href":"https:\/\/qa.fundacionexe.org.co\/en\/wp-json\/wp\/v2\/comments?post=221855"}],"version-history":[{"count":9,"href":"https:\/\/qa.fundacionexe.org.co\/en\/wp-json\/wp\/v2\/pages\/221855\/revisions"}],"predecessor-version":[{"id":223907,"href":"https:\/\/qa.fundacionexe.org.co\/en\/wp-json\/wp\/v2\/pages\/221855\/revisions\/223907"}],"wp:attachment":[{"href":"https:\/\/qa.fundacionexe.org.co\/en\/wp-json\/wp\/v2\/media?parent=221855"}],"curies":[{"name":"wp","href":"https:\/\/api.w.org\/{rel}","templated":true}]}}